{"id":24266,"date":"2025-05-21T12:42:30","date_gmt":"2025-05-21T12:42:30","guid":{"rendered":"https:\/\/plinexwp.websitelayout.net\/?page_id=24266"},"modified":"2026-04-09T14:46:38","modified_gmt":"2026-04-09T12:46:38","slug":"coming-soon","status":"publish","type":"page","link":"https:\/\/nexthall.hu\/en\/","title":{"rendered":"Coming Soon"},"content":{"rendered":"<div data-elementor-type=\"wp-page\" data-elementor-id=\"24266\" class=\"elementor elementor-24266\">\n\t\t\t\t<div class=\"elementor-element elementor-element-37011f2 e-con-full coming-soon e-flex e-con e-parent\" data-id=\"37011f2\" data-element_type=\"container\" data-e-type=\"container\">\n\t\t\t\t<div class=\"elementor-element elementor-element-83a0c75 elementor-widget elementor-widget-wl-coming-soon\" data-id=\"83a0c75\" data-element_type=\"widget\" data-e-type=\"widget\" data-widget_type=\"wl-coming-soon.default\">\n\t\t\t\t<div class=\"elementor-widget-container\">\n\t\t\t\t\t\r\n        <div class=\"full-screen py-0 d-flex align-items-center coming-soon h-auto\">\r\n\r\n            <div class=\"container\">\r\n                <div class=\"row\">\r\n                    <div class=\"col-lg-8\">\r\n\r\n                        <div class=\"d-table position-relative mx-auto min-vh-100\">\r\n                            <div class=\"d-table-cell vertical-align-middle\">\r\n\r\n                                <div class=\"bg-white p-1-9 p-md-5 border-radius-10 position-relative z-index-9\">\r\n\r\n                                    <h1                                        class=\"mb-1-6 mb-sm-1-9 mb-md-2-2 text-uppercase letter-spacing-2 text-center text-sm-start display-25 display-sm-20 display-md-15\">\r\n                                        Coming soon!                                    <\/h1>\r\n\r\n                                                                            <ul class=\"countdown text-center text-sm-start mb-1-9 mb-md-2-9\" data-countdown=\"01 June 2026 12:00:00\">\r\n                                            <li><span class=\"days\">00<\/span><p class=\"timeRefDays\" data-singular=\"day\">days<\/p><\/li>\r\n                                            <li><span class=\"hours\">00<\/span><p class=\"timeRefHours\" data-singular=\"hour\">hours<\/p><\/li>\r\n                                            <li><span class=\"minutes\">00<\/span><p class=\"timeRefMinutes\" data-singular=\"minute\">minutes<\/p><\/li>\r\n                                            <li><span class=\"seconds\">00<\/span><p class=\"timeRefSeconds\" data-singular=\"second\">seconds<\/p><\/li>\r\n                                        <\/ul>\r\n                                    \r\n                                    <p class=\"lead mb-1-9 mb-sm-2-2 font-weight-400 text-center text-sm-start display-28 display-sm-26\">\r\n                                        <img decoding=\"async\" src=\"https:\/\/nexthall.hu\/wp-content\/uploads\/2026\/04\/nexthall-logo.png\">                                    <\/p>\r\n\r\n                                    \r\n                                    <ul class=\"social-icon-style04 list-unstyled mb-0 ps-0\">\r\n\r\n                                        \r\n                                        \r\n                                        \r\n                                        \r\n                                    <\/ul>\r\n\r\n                                <\/div>\r\n                            <\/div>\r\n                        <\/div>\r\n\r\n                    <\/div>\r\n                <\/div>\r\n            <\/div>\r\n\r\n                            <div class=\"bg-img cover-background\"\r\n                     style=\"background-image:url('https:\/\/nexthall.hu\/wp-content\/uploads\/2026\/04\/Multilog-epulet-scaled-e1775738321239.jpg');\">\r\n                <\/div>\r\n            \r\n        <\/div>\r\n\r\n        \t\t\t\t<\/div>\n\t\t\t\t<\/div>\n\t\t\t\t<\/div>\n\t\t\t\t<\/div>","protected":false},"excerpt":{"rendered":"<p>Nemsok\u00e1ra j\u00f6v\u00fcnk! 00 days 00 hours 00 minutes 00 seconds<\/p>","protected":false},"author":1,"featured_media":0,"parent":0,"menu_order":0,"comment_status":"closed","ping_status":"closed","template":"page-templates\/coming-soon.php","meta":{"itsec_x_frame_options":"","footnotes":"","_links_to":"","_links_to_target":""},"class_list":["post-24266","page","type-page","status-publish","hentry"],"_links":{"self":[{"href":"https:\/\/nexthall.hu\/en\/wp-json\/wp\/v2\/pages\/24266","targetHints":{"allow":["GET"]}}],"collection":[{"href":"https:\/\/nexthall.hu\/en\/wp-json\/wp\/v2\/pages"}],"about":[{"href":"https:\/\/nexthall.hu\/en\/wp-json\/wp\/v2\/types\/page"}],"author":[{"embeddable":true,"href":"https:\/\/nexthall.hu\/en\/wp-json\/wp\/v2\/users\/1"}],"replies":[{"embeddable":true,"href":"https:\/\/nexthall.hu\/en\/wp-json\/wp\/v2\/comments?post=24266"}],"version-history":[{"count":9,"href":"https:\/\/nexthall.hu\/en\/wp-json\/wp\/v2\/pages\/24266\/revisions"}],"predecessor-version":[{"id":36633,"href":"https:\/\/nexthall.hu\/en\/wp-json\/wp\/v2\/pages\/24266\/revisions\/36633"}],"wp:attachment":[{"href":"https:\/\/nexthall.hu\/en\/wp-json\/wp\/v2\/media?parent=24266"}],"curies":[{"name":"wp","href":"https:\/\/api.w.org\/{rel}","templated":true}]}}